{"id":393,"date":"2023-10-05T15:00:13","date_gmt":"2023-10-05T09:00:13","guid":{"rendered":"https:\/\/ambdhaka.esteri.it\/?page_id=393"},"modified":"2023-10-05T15:00:13","modified_gmt":"2023-10-05T09:00:13","slug":"portale-prenotmi","status":"publish","type":"page","link":"https:\/\/ambdhaka.esteri.it\/it\/news\/dall_ambasciata\/portale-prenotmi\/","title":{"rendered":"Portale PRENOT@MI"},"content":{"rendered":"<p>2022-12-07<\/p>\n<p>Portale PRENOT@MIMaeci<br \/>\nE&#8217; aperta sul nuovo portale online Prenot@Mi, disponibile all\u2019indirizzo https:\/\/prenotami.esteri.it , la registrazione presso l&#8217;Ambasciata d&#8217;Italia a Dhaka (da selezionare nell&#8217;apposito campo a tendina: Bangladesh Dhaka Ambasciata d&#8217;Italia) e la successiva prenotazione degli appuntamenti a partire dal 16 gennaio 2023. Al momento i soli servizi prenotabili sono PASSAPORTI e NOTARILE. Sar\u00e0 quindi possibile prenotare gli appuntamenti SOLTANTO per il tramite di questo nuovo strumento informatico.<\/p>\n<p>Il portale Prenot@Mi propone alcune funzionalit\u00e0 innovative. La sicurezza applicativa \u00e8 stata incrementata e saranno introdotti ulteriori sistemi di autenticazione pi\u00f9 robusti, al fine di accertare la genuinit\u00e0 dell\u2019utente. L\u2019interfaccia grafica, semplice, intuitiva e user-friendly, vuole inoltre semplificare l\u2019approccio dell\u2019utente in fase di registrazione e prenotazione. Il portale introduce altres\u00ec un sistema di gestione delle liste d\u2019attesa, in modo tale da non perdere la priorit\u00e0 acquisita al momento della prenotazione e da fornire un riscontro all\u2019utente pur in assenza momentanea di appuntamenti. L\u2019utente potr\u00e0, gi\u00e0 in fase di prenotazione, caricare sul portale i documenti necessari all\u2019erogazione del servizio prenotato, riducendo cos\u00ec i tempi di lavorazione allo sportello il giorno dell\u2019appuntamento.<\/p>\n","protected":false},"excerpt":{"rendered":"2022-12-07 Portale PRENOT@MIMaeci E&#8217; aperta sul nuovo portale online Prenot@Mi, disponibile all\u2019indirizzo https:\/\/prenotami.esteri.it , la registrazione presso l&#8217;Ambasciata d&#8217;Italia a Dhaka (da selezionare nell&#8217;apposito campo a tendina: Bangladesh Dhaka Ambasciata d&#8217;Italia) e la successiva prenotazione degli appuntamenti a partire dal 16 gennaio 2023. Al momento i soli servizi prenotabili sono PASSAPORTI e NOTARILE. Sar\u00e0 quindi [&hellip;]","protected":false},"author":9,"featured_media":0,"parent":33,"menu_order":0,"comment_status":"closed","ping_status":"closed","template":"","meta":{"footnotes":""},"class_list":["post-393","page","type-page","status-publish","hentry"],"_links":{"self":[{"href":"https:\/\/ambdhaka.esteri.it\/it\/wp-json\/wp\/v2\/pages\/393","targetHints":{"allow":["GET"]}}],"collection":[{"href":"https:\/\/ambdhaka.esteri.it\/it\/wp-json\/wp\/v2\/pages"}],"about":[{"href":"https:\/\/ambdhaka.esteri.it\/it\/wp-json\/wp\/v2\/types\/page"}],"author":[{"embeddable":true,"href":"https:\/\/ambdhaka.esteri.it\/it\/wp-json\/wp\/v2\/users\/9"}],"replies":[{"embeddable":true,"href":"https:\/\/ambdhaka.esteri.it\/it\/wp-json\/wp\/v2\/comments?post=393"}],"version-history":[{"count":1,"href":"https:\/\/ambdhaka.esteri.it\/it\/wp-json\/wp\/v2\/pages\/393\/revisions"}],"predecessor-version":[{"id":433,"href":"https:\/\/ambdhaka.esteri.it\/it\/wp-json\/wp\/v2\/pages\/393\/revisions\/433"}],"up":[{"embeddable":true,"href":"https:\/\/ambdhaka.esteri.it\/it\/wp-json\/wp\/v2\/pages\/33"}],"wp:attachment":[{"href":"https:\/\/ambdhaka.esteri.it\/it\/wp-json\/wp\/v2\/media?parent=393"}],"curies":[{"name":"wp","href":"https:\/\/api.w.org\/{rel}","templated":true}]}}