{"id":4419,"date":"2025-11-18T12:22:21","date_gmt":"2025-11-18T06:22:21","guid":{"rendered":"https:\/\/ambdhaka.esteri.it\/?page_id=4419"},"modified":"2025-11-18T12:44:50","modified_gmt":"2025-11-18T06:44:50","slug":"nascita","status":"publish","type":"page","link":"https:\/\/ambdhaka.esteri.it\/it\/servizi-consolari-e-visti\/servizi-per-il-cittadino-italiano\/stato-civile\/nascita\/","title":{"rendered":"Nascita"},"content":{"rendered":"<p>&nbsp;<\/p>\n<h4><strong>Variazioni di Stato Civile<\/strong><\/h4>\n<p>&nbsp;<\/p>\n<h4>NASCITA<\/h4>\n<p>AGGIORNAMENTO<\/p>\n<p>La <a href=\"http:\/\/www.libertaciviliimmigrazione.dlci.interno.gov.it\/sites\/default\/files\/allegati\/circolare_26185_del_28_05_2025.pdf\">Legge n. 74\/2025<\/a>, che converte il Decreto Legge n. 36 del 28\/03\/2025, ha introdotto una nuova disciplina in materia di trasmissione della cittadinanza italiana, modificando la Legge n. 91 del 05\/02\/1992.<\/p>\n<p>Per poter trascrivere in Italia l\u2019atto di nascita di un minore nato all\u2019estero come cittadino italiano occorre distinguere tra due categorie distinte di richiedenti.<\/p>\n<p><strong>CATEGORIA 1: CITTADINANZA DALLA NASCITA.<\/strong><\/p>\n<p>Nella prima categoria rientrano i seguenti casi:<\/p>\n<p>a) figli minorenni nati all\u2019estero ma che possono possedere <strong>unicamente<\/strong> la cittadinanza italiana (sono dunque esclusi i minori dei quali uno dei genitori sia bangladese trattandosi di Paese che concede la cittadinanza iure sanguinis, a meno che gli stessi genitori all\u2019atto di emissione del certificato di nascita da parte delle autorit\u00e0 bangladesi non rinuncino espressamente alla cittadinanza bangladese del minore);<\/p>\n<p>b) figli minorenni di genitore (anche adottivo) o nonno\/nonna che possiede \u2013 o possedeva al momento della morte \u2013 <strong>esclusivamente<\/strong> la cittadinanza italiana (Art. 3-bis, comma 1, lettera c), Legge 5 febbraio 1992, n. 91).;<\/p>\n<p>c) figli minorenni di genitore (anche adottivo) con cittadinanza italiana che \u00e8 stato residente in Italia per almeno due anni continuativi prima della nascita o di adozione del minore da iscrivere (Art. 3-bis, comma 1, lettera d), Legge 5 febbraio 1992, n. 91).<\/p>\n<p>Qualora il minore rientri tra i casi indicati ai punti a), b), c), il suo atto di nascita potr\u00e0 essere trascritto in Italia, durante la minore et\u00e0, presentando all\u2019Ufficio Consolare dell\u2019Ambasciata d\u2019Italia in Dhaka la documentazione necessaria.<\/p>\n<p>Nei casi sopra indicati la registrazione del minore \u00e8 gratuita.<\/p>\n<p>Nei casi sopra indicati il minore verr\u00e0 riconosciuto come cittadino italiano dalla nascita nonostante la cittadinanza sia riconosciuta posteriormente alla nascita.<\/p>\n<p>Importante: se i genitori sono sposati \u00e8 indispensabile che il matrimonio sia stato trascritto in Italia, cos\u00ec come dovr\u00e0 essere registrata in Italia qualsiasi altra variazione dello stato civile del padre\/madre cittadino italiano.<\/p>\n<p>Ove non gi\u00e0 provveduto, sar\u00e0 possibile effettuare la registrazione del matrimonio contestualmente alla registrazione della nascita.<\/p>\n<p>Importante: nel caso in cui i genitori non siano sposati al momento della nascita del minore, si dovr\u00e0 provvedere, prima della trascrizione dell\u2019atto di nascita, al riconoscimento del minore da parte del connazionale innanzi all\u2019Ufficio Consolare dell\u2019Ambasciata d\u2019Italia in Dhaka, atto che verr\u00e0 inviato al competente Comune italiano insieme al certificato di nascita per la trascrizione.<\/p>\n<p>Per il caso b), \u00e8 <strong>onere del richiedente<\/strong> dimostrare in maniera incontrovertibile che gli ascendenti in questione non possiedano (o non possedevano al momento della morte dell\u2019ascendente, se essa \u00e8 avvenuta prima della nascita dell\u2019interessato) altre cittadinanze al di fuori di quella italiana.<\/p>\n<p>Per il caso c) la <strong>residenza<\/strong> dovr\u00e0 essere provata mediante un:<\/p>\n<p>certificato storico di residenza rilasciato dal Comune competente.<br \/>\n\u00c8 sufficiente che uno solo dei genitori sia stato residente in Italia, ma si considerano solo i genitori cittadini italiani.<\/p>\n<p>La residenza deve essere stata di <strong>almeno due anni continuativi prima della nascita del richiedente<\/strong>.<\/p>\n<p>Non rileva la residenza in Italia di genitori stranieri.<\/p>\n<p>Nel caso di genitore cittadino italiano jure sanguinis che abbia ottenuto il riconoscimento della propria cittadinanza italiana dopo il periodo di residenza in Italia, il requisito della residenza in Italia \u00e8 comunque maturato e il figlio pu\u00f2 ottenere il riconoscimento della cittadinanza italiana.<\/p>\n<p><strong>CATEGORIA 2: CITTADINANZA PER \u201cBENEFICIO DI LEGGE\u201d.<\/strong><\/p>\n<p>In due casi, previsti dal comma 1-bis dell\u2019art. 4, della Legge n. 91\/1992 e dall\u2019art. 1, comma 1-ter del Decreto-Legge n. 36\/2025, i <strong>figli minorenni nati all\u2019estero<\/strong> da genitore cittadino che non trasmette automaticamente la cittadinanza possono acquistare la cittadinanza italiana.<\/p>\n<p>Il <strong>minore<\/strong> che ne beneficia <strong>non<\/strong> sar\u00e0 <strong>cittadino per nascita<\/strong> o <em>iure sanguinis<\/em>.<\/p>\n<p>In base all\u2019articolo 15 della legge n. 91\/1992, il minore non acquista la cittadinanza dal giorno della nascita, ma dal giorno successivo in cui si saranno verificate le condizioni previste dalla legge.<\/p>\n<p>Nel primo caso (comma 1-bis dell\u2019articolo 4 della legge n. 91\/1992) le seguenti condizioni devono essere possedute <strong>congiuntamente<\/strong>:<\/p>\n<p><strong>&#8211; uno dei genitori \u00e8 cittadino per nascita<\/strong>. <\/p>\n<p>Si escludono quindi i casi di cittadini per naturalizzazione ai sensi dell\u2019articolo 9 della legge n. 91\/1992 o \u201cper beneficio di legge\u201d ai sensi dell\u2019articolo 4 della legge n. 91\/1992 ovvero per matrimonio ai sensi dell\u2019articolo 5 della legge n. 91\/1992 o dell\u2019articolo 10 della legge n. 555\/1912 oppure per riacquisto ai sensi degli articoli 13 o 17 della legge n. 91\/1992 ovvero iuris communicatione (art. 14 della legge n. 91\/1992).<\/p>\n<p>&#8211; <strong>entrambi<\/strong> i genitori (incluso il genitore straniero) o il tutore presentano una <strong>dichiarazione di volont\u00e0 di acquisto della cittadinanza entro un anno dalla nascita<\/strong> (o dalla data successiva in cui \u00e8 stabilita la filiazione da cittadino italiano o in cui \u00e8 decisa l\u2019adozione da parte di cittadino italiano durante la minore et\u00e0 del figlio).<br \/>\nIn caso di riconoscimento della filiazione in tempi successivi da parte di genitori entrambi cittadini italiani per nascita, il termine di un anno decorrer\u00e0 dal primo riconoscimento (perch\u00e9 gi\u00e0 il primo riconoscimento comporta la trasmissione della cittadinanza). Se invece avviene prima il riconoscimento da parte di genitore straniero (o cittadino italiano non per nascita ma ad altro titolo), il termine di un anno sar\u00e0 computato a partire dal riconoscimento da parte del secondo genitore cittadino per nascita.<\/p>\n<p><strong>La dichiarazione di volont\u00e0 di acquisto della cittadinanza deve essere formale e avvenire di persona presso l\u2019Ufficio Consolare dell\u2019Ambasciata d\u2019Italia in Dhaka.<\/strong><\/p>\n<p>Se i genitori non rendono la dichiarazione contestualmente, il requisito di legge si considera soddisfatto alla data in cui \u00e8 presentata la dichiarazione del secondo genitore. Se la filiazione (anche adottiva) \u00e8 stabilita nei confronti di una sola persona (o se l\u2019altro genitore \u00e8 deceduto), sar\u00e0 sufficiente la dichiarazione di un solo genitore.<\/p>\n<p><strong>Il secondo caso<\/strong> (comma 1-ter dell\u2019articolo 1 del decreto-legge n. 36\/2025) si applica quando sussistono <strong>tutte<\/strong> le condizioni seguenti:<\/p>\n<p>&#8211; persone <strong>minorenni alla data di entrata in vigore della legge di conversione<\/strong>, cio\u00e8 persone che non avevano compiuto il 18\u00b0 anno di et\u00e0 al <strong>24 maggio 2025<\/strong>;<br \/>\n&#8211; <strong>figli di cittadini per nascita che si trovano nelle condizioni previste dalle lettere a), a-bis) e b) dell\u2019articolo 3-bis della legge n. 91\/1992<\/strong>. <\/p>\n<p>In altri termini, i genitori devono essere riconosciuti cittadini sulla base di domanda amministrativa o giudiziale presentata entro le 23:59 (ora di Roma) del 27 marzo 2025 o sulla base di domanda presentata sulla base di appuntamento comunicato dall\u2019Ufficio consolare o dal Comune entro la medesima data.<\/p>\n<p>La dichiarazione dei genitori o del tutore deve essere presentata all\u2019Ufficio Consolare dell\u2019Ambasciata d\u2019Italia in Dhaka <strong>entro il 31 maggio 2026<\/strong>. Se l\u2019interessato, minorenne alla data del 24 maggio 2025, diviene nel frattempo maggiorenne, la dichiarazione dovr\u00e0 essere presentata da lui personalmente entro il medesimo termine.<\/p>\n<p>In base all\u2019articolo 9-bis della legge n. 91\/1992, si applica il <strong>pagamento del contributo<\/strong> a favore del Ministero dell\u2019Interno di <strong>250 euro, per ciascun minorenne<\/strong>, con bonifico bancario, con eventuali spese a carico di chi dispone il bonifico:<\/p>\n<p>\u201cMinistero dell\u2019Interno D.L.C.I Cittadinanza\u201d<br \/>\nNome della Banca: Poste Italiane S.p.A.<br \/>\nCodice IBAN: IT54D0760103200000000809020<br \/>\nCausale del versamento: Acquisto cittadinanza a seguito di dichiarazione ex art. 9-bis L. 91\/1992 e nome e cognome del richiedente<br \/>\nCodice BIC\/SWIFT di Poste Italiane:  BPPIITRRXXX (per bonifici esteri)<br \/>\nCodice BIC\/SWIFT: PIBPITRA (per operazioni del circuito EUROGIRO)<\/p>\n<p>Alla cittadinanza italiana acquistata nei modi sopra indicati l\u2019interessato, una volta divenuto maggiorenne, pu\u00f2 fare rinuncia, con la sola condizione che non si produca una condizione di apolidia.<\/p>\n<p><strong>Per i documenti da presentare nei vari casi, si prega di consultare il sito web di VFS Global oppure di scrivere a consolare.dhaka@esteri.it<\/strong><\/p>\n","protected":false},"excerpt":{"rendered":"&nbsp; Variazioni di Stato Civile &nbsp; NASCITA AGGIORNAMENTO La Legge n. 74\/2025, che converte il Decreto Legge n. 36 del 28\/03\/2025, ha introdotto una nuova disciplina in materia di trasmissione della cittadinanza italiana, modificando la Legge n. 91 del 05\/02\/1992. Per poter trascrivere in Italia l\u2019atto di nascita di un minore nato all\u2019estero come cittadino [&hellip;]","protected":false},"author":9,"featured_media":0,"parent":68,"menu_order":1,"comment_status":"closed","ping_status":"closed","template":"","meta":{"footnotes":""},"class_list":["post-4419","page","type-page","status-publish","hentry"],"_links":{"self":[{"href":"https:\/\/ambdhaka.esteri.it\/it\/wp-json\/wp\/v2\/pages\/4419","targetHints":{"allow":["GET"]}}],"collection":[{"href":"https:\/\/ambdhaka.esteri.it\/it\/wp-json\/wp\/v2\/pages"}],"about":[{"href":"https:\/\/ambdhaka.esteri.it\/it\/wp-json\/wp\/v2\/types\/page"}],"author":[{"embeddable":true,"href":"https:\/\/ambdhaka.esteri.it\/it\/wp-json\/wp\/v2\/users\/9"}],"replies":[{"embeddable":true,"href":"https:\/\/ambdhaka.esteri.it\/it\/wp-json\/wp\/v2\/comments?post=4419"}],"version-history":[{"count":4,"href":"https:\/\/ambdhaka.esteri.it\/it\/wp-json\/wp\/v2\/pages\/4419\/revisions"}],"predecessor-version":[{"id":4426,"href":"https:\/\/ambdhaka.esteri.it\/it\/wp-json\/wp\/v2\/pages\/4419\/revisions\/4426"}],"up":[{"embeddable":true,"href":"https:\/\/ambdhaka.esteri.it\/it\/wp-json\/wp\/v2\/pages\/68"}],"wp:attachment":[{"href":"https:\/\/ambdhaka.esteri.it\/it\/wp-json\/wp\/v2\/media?parent=4419"}],"curies":[{"name":"wp","href":"https:\/\/api.w.org\/{rel}","templated":true}]}}