{"id":47,"date":"2023-04-11T18:12:24","date_gmt":"2023-04-11T16:12:24","guid":{"rendered":"https:\/\/ambasciatapraga.esteri.it\/?page_id=47"},"modified":"2025-08-25T18:17:51","modified_gmt":"2025-08-25T12:17:51","slug":"servizi-per-il-cittadino-italiano","status":"publish","type":"page","link":"https:\/\/ambdhaka.esteri.it\/it\/servizi-consolari-e-visti\/servizi-per-il-cittadino-italiano\/","title":{"rendered":"Servizi per il cittadino italiano"},"content":{"rendered":"<p>I servizi consolari sono erogati secondo principi di eguaglianza, imparzialit\u00e0, efficienza e trasparenza. I Consolati, oltre a tutelare gli interessi italiani fuori dai confini nazionali, assicurano a tutti i connazionali tutela in caso di violazione dei loro diritti fondamentali e di limitazione o privazione della loro libert\u00e0 personale. Detta tutela pu\u00f2 riguardare, ad esempio, i casi di decesso, incidente, malattia grave, arresto o detenzione, atti di violenza, assistenza in caso di crisi grave (catastrofi naturali, disordini civili, conflitti armati, ecc.), rilascio di documenti di viaggio d\u2019emergenza causa perdita o furto del passaporto.<\/p>\n<p>Il cittadino italiano pu\u00f2 esprimere una valutazione del servizio ricevuto dalla Rappresentanza diplomatico-consolare su un apposito registro pubblico disponibile in ogni Sede.<\/p>\n<p><strong>Cliccare sulle voci di men\u00f9 a sinistra per accedere alle informazioni sui servizi offerti da questo consolato.<\/strong><\/p>\n<p>Ulteriori informazioni sono a reperibili sul sito del Ministero degli Affari Esteri e della Cooperazione Internazionale \u2013 MAECI\u00a0<a href=\"https:\/\/www.esteri.it\/it\/servizi-consolari-e-visti\/\">https:\/\/www.esteri.it\/it\/servizi-consolari-e-visti\/<\/a><\/p>\n<p>&nbsp;<\/p>\n<p><strong>Avviso pratiche AIRE (Anagrafica Italiani Residenti Estero)<\/strong><\/p>\n<p>Le domande di iscrizione Aire e le comunicazioni di aggiornamento di indirizzo nella stessa Circoscrizione consolare possono essere gestite direttamente dagli interessati grazie al portale\u00a0<a href=\"https:\/\/serviziconsolarionline.esteri.it\/ScoFE\/index.sco\">FAST IT<\/a>, ora accessibile anche mediante Carta d&#8217;Identit\u00e0 Elettronica (CIE).<\/p>\n<p>Per una rapida gestione delle istanze, si invitano tutti i connazionali ad utilizzare\u00a0<a href=\"https:\/\/serviziconsolarionline.esteri.it\/ScoFE\/index.sco\">FAST IT<\/a>.<\/p>\n<p><strong>Avviso istanze di passaporto<\/strong><\/p>\n<p>Il passaporto pu\u00f2 essere richiesto alla Cancelleria consolare di Dhaka tramite appuntamento dai cittadini residenti nella Circoscrizione Consolare oppure, in casi particolari, dai non residenti solo e soltanto per comprovati e documentati motivi. In quest&#8217;ultimo caso sar\u00e0 necessario acquisire preventivamente la delega espressa da parte dell\u2019Ufficio competente per residenza, che potrebbe richiedere tempi pi\u00f9 lunghi.<\/p>\n<p>Il rilascio del passaporto \u00e8 sempre subordinato ad una verifica presso la Questura competente e quindi non \u00e8 mai a vista ma richiede il tempo necessario per ottenere la verifica.<br \/>\nDal novembre 2009 non \u00e8 pi\u00f9 possibile iscrivere i figli minori sul passaporto dei genitori e quindi il connazionale minore, fin dalla nascita, pu\u00f2 ottenere il rilascio di un passaporto. Inoltre, dal 26 giugno 2012, i minori possono viaggiare solo con un proprio passaporto anche se sono iscritti sul passaporto dei genitori.<\/p>\n<p>&nbsp;<\/p>\n","protected":false},"excerpt":{"rendered":"I servizi consolari sono erogati secondo principi di eguaglianza, imparzialit\u00e0, efficienza e trasparenza. I Consolati, oltre a tutelare gli interessi italiani fuori dai confini nazionali, assicurano a tutti i connazionali tutela in caso di violazione dei loro diritti fondamentali e di limitazione o privazione della loro libert\u00e0 personale. Detta tutela pu\u00f2 riguardare, ad esempio, i [&hellip;]","protected":false},"author":1,"featured_media":0,"parent":4041,"menu_order":0,"comment_status":"closed","ping_status":"closed","template":"","meta":{"footnotes":""},"class_list":["post-47","page","type-page","status-publish","hentry"],"_links":{"self":[{"href":"https:\/\/ambdhaka.esteri.it\/it\/wp-json\/wp\/v2\/pages\/47","targetHints":{"allow":["GET"]}}],"collection":[{"href":"https:\/\/ambdhaka.esteri.it\/it\/wp-json\/wp\/v2\/pages"}],"about":[{"href":"https:\/\/ambdhaka.esteri.it\/it\/wp-json\/wp\/v2\/types\/page"}],"author":[{"embeddable":true,"href":"https:\/\/ambdhaka.esteri.it\/it\/wp-json\/wp\/v2\/users\/1"}],"replies":[{"embeddable":true,"href":"https:\/\/ambdhaka.esteri.it\/it\/wp-json\/wp\/v2\/comments?post=47"}],"version-history":[{"count":6,"href":"https:\/\/ambdhaka.esteri.it\/it\/wp-json\/wp\/v2\/pages\/47\/revisions"}],"predecessor-version":[{"id":3646,"href":"https:\/\/ambdhaka.esteri.it\/it\/wp-json\/wp\/v2\/pages\/47\/revisions\/3646"}],"up":[{"embeddable":true,"href":"https:\/\/ambdhaka.esteri.it\/it\/wp-json\/wp\/v2\/pages\/4041"}],"wp:attachment":[{"href":"https:\/\/ambdhaka.esteri.it\/it\/wp-json\/wp\/v2\/media?parent=47"}],"curies":[{"name":"wp","href":"https:\/\/api.w.org\/{rel}","templated":true}]}}