{"id":49,"date":"2023-04-11T18:13:11","date_gmt":"2023-04-11T16:13:11","guid":{"rendered":"https:\/\/ambasciatapraga.esteri.it\/?page_id=49"},"modified":"2023-10-05T15:25:33","modified_gmt":"2023-10-05T09:25:33","slug":"passaporti-e-carte-didentita","status":"publish","type":"page","link":"https:\/\/ambdhaka.esteri.it\/it\/servizi-consolari-e-visti\/servizi-per-il-cittadino-italiano\/passaporti-e-carte-didentita\/","title":{"rendered":"Passaporti e Carte d\u2019identit\u00e0"},"content":{"rendered":"<h2>PASSAPORTI<\/h2>\n<p>Il passaporto \u00e8 un documento di viaggio e riconoscimento. Il suo rilascio\/estensione \u00e8 di competenza dell\u2019Ufficio Passaporti della Circoscrizione Consolare in cui il cittadino italiano \u00e8 residente.<br \/>\nIn realt\u00e0, per risiedere e viaggiare nei Paesi dell&#8217;Unione Europea \u00e8 sufficiente la carta d&#8217;identit\u00e0 valida per l&#8217;espatrio, rilasciata dal Comune di iscrizione AIRE in Italia. E&#8217; tuttavia sempre consigliabile avere un passaporto oltre a una carta d&#8217;identit\u00e0 valida.<\/p>\n<p>Per il rilascio del passaporto occorre presentarsi di persona all\u2019Ufficio Passaporti della Circoscrizione Consolare in cui il cittadino \u00e8 residente con la seguente documentazione:<\/p>\n<ul>\n<li>formulario di richiesta del passaporto firmato dall&#8217;interessato;<\/li>\n<li>carta d&#8217;identit\u00e0;<\/li>\n<li>due fotografie recenti (uguali, frontali, a colori);<\/li>\n<li>permesso di soggiorno o un giustificativo dell\u2019effettivo domicilio nella Circoscrizione.<\/li>\n<\/ul>\n<p>Poich\u00e9 nei nuovi passaporti vengono registrate anche le impronte digitali, i connazionali dovranno presentarsi di persona presso gli uffici.<\/p>\n<p>(N.B. Perch\u00e9 un italiano residente all\u2019estero ottenga il passaporto, \u00e8 necessario che sia iscritto all\u2019A.I.R.E. di un Comune italiano).<\/p>\n<p>Un cittadino italiano all\u2019estero pu\u00f2 richiedere il rilascio\/estensione del passaporto presso una circoscrizione consolare in cui non \u00e8 residente, ma in tal caso occorre attendere il &#8220;NULLA OSTA&#8221; dell&#8217;Ufficio (Questura o Consolato Italiano) competente per il territorio di residenza.<br \/>\nIl passaporto ordinario infatti pu\u00f2 essere rinnovato anche prima della scadenza ed entro e non oltre 6 mesi dalla stessa data di scadenza.<\/p>\n","protected":false},"excerpt":{"rendered":"PASSAPORTI Il passaporto \u00e8 un documento di viaggio e riconoscimento. Il suo rilascio\/estensione \u00e8 di competenza dell\u2019Ufficio Passaporti della Circoscrizione Consolare in cui il cittadino italiano \u00e8 residente. In realt\u00e0, per risiedere e viaggiare nei Paesi dell&#8217;Unione Europea \u00e8 sufficiente la carta d&#8217;identit\u00e0 valida per l&#8217;espatrio, rilasciata dal Comune di iscrizione AIRE in Italia. E&#8217; [&hellip;]","protected":false},"author":1,"featured_media":0,"parent":47,"menu_order":0,"comment_status":"closed","ping_status":"closed","template":"","meta":{"footnotes":""},"class_list":["post-49","page","type-page","status-publish","hentry"],"_links":{"self":[{"href":"https:\/\/ambdhaka.esteri.it\/it\/wp-json\/wp\/v2\/pages\/49","targetHints":{"allow":["GET"]}}],"collection":[{"href":"https:\/\/ambdhaka.esteri.it\/it\/wp-json\/wp\/v2\/pages"}],"about":[{"href":"https:\/\/ambdhaka.esteri.it\/it\/wp-json\/wp\/v2\/types\/page"}],"author":[{"embeddable":true,"href":"https:\/\/ambdhaka.esteri.it\/it\/wp-json\/wp\/v2\/users\/1"}],"replies":[{"embeddable":true,"href":"https:\/\/ambdhaka.esteri.it\/it\/wp-json\/wp\/v2\/comments?post=49"}],"version-history":[{"count":4,"href":"https:\/\/ambdhaka.esteri.it\/it\/wp-json\/wp\/v2\/pages\/49\/revisions"}],"predecessor-version":[{"id":442,"href":"https:\/\/ambdhaka.esteri.it\/it\/wp-json\/wp\/v2\/pages\/49\/revisions\/442"}],"up":[{"embeddable":true,"href":"https:\/\/ambdhaka.esteri.it\/it\/wp-json\/wp\/v2\/pages\/47"}],"wp:attachment":[{"href":"https:\/\/ambdhaka.esteri.it\/it\/wp-json\/wp\/v2\/media?parent=49"}],"curies":[{"name":"wp","href":"https:\/\/api.w.org\/{rel}","templated":true}]}}