{"id":68,"date":"2023-10-11T18:18:08","date_gmt":"2023-10-11T12:18:08","guid":{"rendered":"https:\/\/ambasciatapraga.esteri.it\/?page_id=68"},"modified":"2025-11-18T12:46:02","modified_gmt":"2025-11-18T06:46:02","slug":"stato-civile","status":"publish","type":"page","link":"https:\/\/ambdhaka.esteri.it\/it\/servizi-consolari-e-visti\/servizi-per-il-cittadino-italiano\/stato-civile\/","title":{"rendered":"Stato Civile"},"content":{"rendered":"<p>L\u2019Ufficio di Stato Civile di un\u2019Ambasciata o di un Consolato \u00e8 quell\u2019istituzione che si occupa, come un Comune italiano, delle iscrizioni, annotazioni e tenuta dei Registri di Stato Civile. I Registri di Stato Civile sono quattro: cittadinanza, nascita, matrimonio e morte. Per ognuna di queste materie, l\u2019Ufficio ha anche la competenza a rilasciare certificati dei documenti depositati agli atti dell\u2019ufficio che attestino appunto lo &#8220;stato civile&#8221; di ciascun individuo.<\/p>\n<p>In particolare, gli uffici consolari ricevono gli atti emessi dalle Autorit\u00e0 straniere e li trasmettono ai comuni italiani per la trascrizione.<\/p>\n<p>Il settore di Stato Civile degli uffici consolari, oltre alla gestione dei quatto registri di Stato Civile, assiste i cittadini residenti nella circoscrizione nell&#8217;espletamento delle seguenti pratiche:<\/p>\n<p>\u00b7 Redazione del verbale di pubblicazioni di matrimonio e affissione all\u2019albo consolare;<\/p>\n<p>\u00b7 Celebrazione del matrimonio consolare, sempre che non vi si oppongano le leggi locali;<\/p>\n<p>\u00b7 Trasmissione delle istanze per il cambiamento del nome o del cognome, perch\u00e9 ridicolo o vergognoso, alle prefetture competenti;<\/p>\n<p>\u00b7 Ricezione e trasmissione delle sentenze di separazione e di divorzio ai Comuni competenti per la trascrizione.<\/p>\n<p>&nbsp;<\/p>\n<h4>Requisiti necessari per avere diritto a registrare gli atti di Stato Civile e\/o a ottenere i relativi certificati negli Uffici di Stato Civile<\/h4>\n<p>Il cittadino italiano che ha fissato la sua residenza all&#8217;estero, per potere registrare nascite, matrimoni e\/o decessi (e ottenere i relativi certificati), deve prima iscriversi all&#8217;Anagrafe degli Italiani Residenti all&#8217;Estero (A.I.R.E.).<\/p>\n<p>&nbsp;<\/p>\n<h4><strong>Variazioni di Stato Civile<\/strong><\/h4>\n<p>Per Nascita, vedere <a href=\"https:\/\/ambdhaka.esteri.it\/it\/servizi-consolari-e-visti\/servizi-per-il-cittadino-italiano\/stato-civile\/nascita\/\">sezione apposita<\/a>.<\/p>\n<p>&nbsp;<\/p>\n<h4>MATRIMONIO<\/h4>\n<p>Registrazione in Italia del matrimonio all\u2019estero di cittadini italiani:<\/p>\n<p>il matrimonio celebrato all\u2019estero per avere valore in Italia deve essere trascritto in Italia presso il Comune competente.<\/p>\n<p>Il cittadino italiano regolarmente iscritto all\u2019AIRE dovr\u00e0 rivolgersi all\u2019Ufficio consolare per richiedere le pubblicazioni di matrimonio e potr\u00e0 poi contrarre matrimonio innanzi alle Autorit\u00e0 straniere competenti o presso il consolato, in quest\u2019ultimo caso sempre che non vi si oppongano le leggi locali.<\/p>\n<p>Il cittadino italiano residente in Italia dovr\u00e0 invece rivolgersi al comune di residenza per richiedere le pubblicazioni di matrimonio e potr\u00e0 poi contrarre matrimonio innanzi alle Autorit\u00e0 straniere.<\/p>\n<p>Sar\u00e0 cura dell\u2019interessato poi presentare al Consolato competente l\u2019atto di matrimonio rilasciato dalle Autorit\u00e0 locali, con la relativa traduzione e &#8220;apostille&#8221; del Ministero degli Esteri del Bangladesh, per il successivo inoltro al comune italiano competente per la trascrizione.<\/p>\n<p>&nbsp;<\/p>\n<h2>DIVORZIO<\/h2>\n<p>Registrazione in Italia di una sentenza di divorzio pronunciata all\u2019estero:<\/p>\n<p>prima di tutto, bisogna considerare che una sentenza di divorzio pronunciata all\u2019estero non \u00e8 considerata automaticamente valida in Italia.<\/p>\n<p>I documenti che occorrono per la trascrizione sono:<\/p>\n<p>la sentenza passata in giudicato (originale o copia autenticata);<\/p>\n<p>la traduzione ufficiale della sentenza;<\/p>\n<p>la dichiarazione sostitutiva di atto notorio;<\/p>\n<p>una fotocopia di tutta la documentazione presentata.<\/p>\n<p>Questi documenti debbono essere in copia certificata conforme con bollo autentico del Tribunale,<\/p>\n<p>Se i documenti sono validi secondo la legislazione del luogo di emissione, l\u2019Ufficio consolare provvede all\u2019invio dei documenti al Comune italiano per la registrazione della sentenza.<\/p>\n<p>&nbsp;<\/p>\n<h2>MORTE<\/h2>\n<p>Registrazione in Italia del decesso di un italiano residente all\u2019estero:<\/p>\n<p>la morte di un cittadino italiano avvenuta all\u2019estero deve essere trascritta in Italia.<\/p>\n<p>I documenti necessari per registrare il decesso sono:<\/p>\n<p>atto di morte emesso dal competente Ufficio di Stato Civile del Paese di residenza, debitamente tradotto ed eventualmente legalizzato (nei casi previsti);<\/p>\n<p>documentazione relativa alla cittadinanza del defunto: carta d\u2019identit\u00e0, passaporto italiano o certificato di cittadinanza italiana.<\/p>\n<p>Tutti i certificati di stato civile emessi dalle locali autorit\u00e0 dovranno essere presentati in originale e, ove previsto, legalizzati e tradotti in italiano, al fine dell\u2019invio da parte dei consolati ai comuni competenti.<\/p>\n","protected":false},"excerpt":{"rendered":"L\u2019Ufficio di Stato Civile di un\u2019Ambasciata o di un Consolato \u00e8 quell\u2019istituzione che si occupa, come un Comune italiano, delle iscrizioni, annotazioni e tenuta dei Registri di Stato Civile. I Registri di Stato Civile sono quattro: cittadinanza, nascita, matrimonio e morte. Per ognuna di queste materie, l\u2019Ufficio ha anche la competenza a rilasciare certificati dei [&hellip;]","protected":false},"author":1,"featured_media":0,"parent":47,"menu_order":4,"comment_status":"closed","ping_status":"closed","template":"","meta":{"footnotes":""},"class_list":["post-68","page","type-page","status-publish","hentry"],"_links":{"self":[{"href":"https:\/\/ambdhaka.esteri.it\/it\/wp-json\/wp\/v2\/pages\/68","targetHints":{"allow":["GET"]}}],"collection":[{"href":"https:\/\/ambdhaka.esteri.it\/it\/wp-json\/wp\/v2\/pages"}],"about":[{"href":"https:\/\/ambdhaka.esteri.it\/it\/wp-json\/wp\/v2\/types\/page"}],"author":[{"embeddable":true,"href":"https:\/\/ambdhaka.esteri.it\/it\/wp-json\/wp\/v2\/users\/1"}],"replies":[{"embeddable":true,"href":"https:\/\/ambdhaka.esteri.it\/it\/wp-json\/wp\/v2\/comments?post=68"}],"version-history":[{"count":6,"href":"https:\/\/ambdhaka.esteri.it\/it\/wp-json\/wp\/v2\/pages\/68\/revisions"}],"predecessor-version":[{"id":4429,"href":"https:\/\/ambdhaka.esteri.it\/it\/wp-json\/wp\/v2\/pages\/68\/revisions\/4429"}],"up":[{"embeddable":true,"href":"https:\/\/ambdhaka.esteri.it\/it\/wp-json\/wp\/v2\/pages\/47"}],"wp:attachment":[{"href":"https:\/\/ambdhaka.esteri.it\/it\/wp-json\/wp\/v2\/media?parent=68"}],"curies":[{"name":"wp","href":"https:\/\/api.w.org\/{rel}","templated":true}]}}